{"id":15,"date":"2026-02-08T18:42:44","date_gmt":"2026-02-08T18:42:44","guid":{"rendered":"https:\/\/webvictor.com\/?page_id=15"},"modified":"2026-02-11T19:24:17","modified_gmt":"2026-02-11T19:24:17","slug":"services","status":"publish","type":"page","link":"https:\/\/webvictor.com\/es\/services\/","title":{"rendered":"Servicios"},"content":{"rendered":"<div class=\"et_pb_section_0 et_pb_section et_section_regular et_block_section\">\n<div class=\"et_pb_row_0 et_pb_row et_block_row\">\n<div class=\"et_pb_column_0 et_pb_column et_pb_column_4_4 et-last-child et_block_column et_pb_css_mix_blend_mode_passthrough\">\n<div class=\"et_pb_heading_0 et_pb_heading et_pb_module et_block_module preset--module--divi-heading--2eaa1252-fdfd-4d72-a52a-8e4c2a13c028\"><div class=\"et_pb_heading_container\"><h1 class=\"et_pb_module_header\">Qu\u00e9 puedo hacer por ti<\/h1><\/div><\/div>\n\n<div class=\"et_pb_heading_1 et_pb_heading et_pb_module et_block_module preset--module--divi-heading--1bf9230d-7495-4141-b7a8-b5f0fac2c95b\"><div class=\"et_pb_heading_container\"><h1 class=\"et_pb_module_header\">Servicios de dise\u00f1o y desarrollo<\/h1><\/div><\/div>\n<\/div>\n<\/div>\n<\/div>\n\n<div class=\"et_pb_section_1 et_pb_section et_section_regular et_block_section\">\n<div class=\"et_pb_row_1 et_pb_row et_pb_gutters1 et_block_row\">\n<div class=\"et_pb_column_1 et_pb_column et_pb_column_1_3 et_block_column et_pb_css_mix_blend_mode_passthrough\">\n<div class=\"et_pb_heading_2 et_pb_heading et_pb_module et_block_module preset--module--divi-heading--0adaddf9-f1ec-4afa-9b24-b81c1384b572\"><div class=\"et_pb_heading_container\"><h4 class=\"et_pb_module_header\">Desarrollo web<\/h4><\/div><\/div>\n<\/div>\n\n<div class=\"et_pb_column_2 et_pb_column et_pb_column_1_3 et_block_column et_pb_css_mix_blend_mode_passthrough\">\n<div class=\"et_pb_text_0 et_pb_text et_pb_bg_layout_light et_pb_module et_block_module preset--module--divi-text--default\"><div class=\"et_pb_text_inner\"><p>Desarrollar un nuevo sitio web desde cero, seg\u00fan tus necesidades<\/p>\n<\/div><\/div>\n<\/div>\n\n<div class=\"et_pb_column_3 et_pb_column et_pb_column_1_3 et-last-child et_block_column et_pb_css_mix_blend_mode_passthrough\">\n<div class=\"et_pb_module et_pb_button_module_wrapper et_pb_button_0_wrapper preset--module--divi-button--1c051a38-3495-4819-a920-8f590ba49d01_wrapper\"><a class=\"et_pb_button_0 et_pb_button et_pb_bg_layout_light et_pb_module et_block_module preset--module--divi-button--1c051a38-3495-4819-a920-8f590ba49d01\" href=\"https:\/\/webvictor.com\/es\/contact\/\">Comenzar<\/a><\/div>\n<\/div>\n<\/div>\n\n<div class=\"et_pb_row_2 et_pb_row et_pb_gutters1 et_block_row\">\n<div class=\"et_pb_column_4 et_pb_column et_pb_column_1_3 et_block_column et_pb_css_mix_blend_mode_passthrough\">\n<div class=\"et_pb_heading_3 et_pb_heading et_pb_module et_block_module preset--module--divi-heading--0adaddf9-f1ec-4afa-9b24-b81c1384b572\"><div class=\"et_pb_heading_container\"><h4 class=\"et_pb_module_header\">Redise\u00f1o web<\/h4><\/div><\/div>\n<\/div>\n\n<div class=\"et_pb_column_5 et_pb_column et_pb_column_1_3 et_block_column et_pb_css_mix_blend_mode_passthrough\">\n<div class=\"et_pb_text_1 et_pb_text et_pb_bg_layout_light et_pb_module et_block_module preset--module--divi-text--default\"><div class=\"et_pb_text_inner\"><p>\u00bfYa tienes un sitio web y quieres un nuevo dise\u00f1o?, te tengo cubierto<\/p>\n<\/div><\/div>\n<\/div>\n\n<div class=\"et_pb_column_6 et_pb_column et_pb_column_1_3 et-last-child et_block_column et_pb_css_mix_blend_mode_passthrough\">\n<div class=\"et_pb_module et_pb_button_module_wrapper et_pb_button_1_wrapper preset--module--divi-button--1c051a38-3495-4819-a920-8f590ba49d01_wrapper\"><a class=\"et_pb_button_1 et_pb_button et_pb_bg_layout_light et_pb_module et_block_module preset--module--divi-button--1c051a38-3495-4819-a920-8f590ba49d01\" href=\"https:\/\/webvictor.com\/es\/contact\/\">Comenzar<\/a><\/div>\n<\/div>\n<\/div>\n\n<div class=\"et_pb_row_3 et_pb_row et_pb_gutters1 et_block_row\">\n<div class=\"et_pb_column_7 et_pb_column et_pb_column_1_3 et_block_column et_pb_css_mix_blend_mode_passthrough\">\n<div class=\"et_pb_heading_4 et_pb_heading et_pb_module et_block_module preset--module--divi-heading--0adaddf9-f1ec-4afa-9b24-b81c1384b572\"><div class=\"et_pb_heading_container\"><h4 class=\"et_pb_module_header\">Compra de dominios<\/h4><\/div><\/div>\n<\/div>\n\n<div class=\"et_pb_column_8 et_pb_column et_pb_column_1_3 et_block_column et_pb_css_mix_blend_mode_passthrough\">\n<div class=\"et_pb_text_2 et_pb_text et_pb_bg_layout_light et_pb_module et_block_module preset--module--divi-text--default\"><div class=\"et_pb_text_inner\"><p>No tienes un dominio y quieres uno, puedo ayudarte a conseguir un dominio para tu marca<\/p>\n<\/div><\/div>\n<\/div>\n\n<div class=\"et_pb_column_9 et_pb_column et_pb_column_1_3 et-last-child et_block_column et_pb_css_mix_blend_mode_passthrough\">\n<div class=\"et_pb_module et_pb_button_module_wrapper et_pb_button_2_wrapper preset--module--divi-button--1c051a38-3495-4819-a920-8f590ba49d01_wrapper\"><a class=\"et_pb_button_2 et_pb_button et_pb_bg_layout_light et_pb_module et_block_module preset--module--divi-button--1c051a38-3495-4819-a920-8f590ba49d01\" href=\"https:\/\/webvictor.com\/es\/contact\/\">Comenzar<\/a><\/div>\n<\/div>\n<\/div>\n\n<div class=\"et_pb_row_4 et_pb_row et_pb_gutters1 et_block_row\">\n<div class=\"et_pb_column_10 et_pb_column et_pb_column_1_3 et_block_column et_pb_css_mix_blend_mode_passthrough\">\n<div class=\"et_pb_heading_5 et_pb_heading et_pb_module et_block_module preset--module--divi-heading--0adaddf9-f1ec-4afa-9b24-b81c1384b572\"><div class=\"et_pb_heading_container\"><h4 class=\"et_pb_module_header\">Comercio electr\u00f3nico<\/h4><\/div><\/div>\n<\/div>\n\n<div class=\"et_pb_column_11 et_pb_column et_pb_column_1_3 et_block_column et_pb_css_mix_blend_mode_passthrough\">\n<div class=\"et_pb_text_3 et_pb_text et_pb_bg_layout_light et_pb_module et_block_module preset--module--divi-text--default\"><div class=\"et_pb_text_inner\"><p>Optimizado para garantizar transacciones fluidas y una experiencia de usuario de alta conversi\u00f3n.<\/p>\n<\/div><\/div>\n<\/div>\n\n<div class=\"et_pb_column_12 et_pb_column et_pb_column_1_3 et-last-child et_block_column et_pb_css_mix_blend_mode_passthrough\">\n<div class=\"et_pb_module et_pb_button_module_wrapper et_pb_button_3_wrapper preset--module--divi-button--1c051a38-3495-4819-a920-8f590ba49d01_wrapper\"><a class=\"et_pb_button_3 et_pb_button et_pb_bg_layout_light et_pb_module et_block_module preset--module--divi-button--1c051a38-3495-4819-a920-8f590ba49d01\" href=\"https:\/\/webvictor.com\/es\/contact\/\">Comenzar<\/a><\/div>\n<\/div>\n<\/div>\n\n<div class=\"et_pb_row_5 et_pb_row et_pb_gutters1 et_block_row\">\n<div class=\"et_pb_column_13 et_pb_column et_pb_column_1_3 et_block_column et_pb_css_mix_blend_mode_passthrough\">\n<div class=\"et_pb_heading_6 et_pb_heading et_pb_module et_block_module preset--module--divi-heading--0adaddf9-f1ec-4afa-9b24-b81c1384b572\"><div class=\"et_pb_heading_container\"><h4 class=\"et_pb_module_header\">Landing Page<\/h4><\/div><\/div>\n<\/div>\n\n<div class=\"et_pb_column_14 et_pb_column et_pb_column_1_3 et_block_column et_pb_css_mix_blend_mode_passthrough\">\n<div class=\"et_pb_text_4 et_pb_text et_pb_bg_layout_light et_pb_module et_block_module preset--module--divi-text--default\"><div class=\"et_pb_text_inner\"><p>Una p\u00e1gina de destino de alta conversi\u00f3n adaptada a sus necesidades<\/p>\n<\/div><\/div>\n<\/div>\n\n<div class=\"et_pb_column_15 et_pb_column et_pb_column_1_3 et-last-child et_block_column et_pb_css_mix_blend_mode_passthrough\">\n<div class=\"et_pb_module et_pb_button_module_wrapper et_pb_button_4_wrapper preset--module--divi-button--1c051a38-3495-4819-a920-8f590ba49d01_wrapper\"><a class=\"et_pb_button_4 et_pb_button et_pb_bg_layout_light et_pb_module et_block_module preset--module--divi-button--1c051a38-3495-4819-a920-8f590ba49d01\" href=\"https:\/\/webvictor.com\/es\/contact\/\">Comenzar<\/a><\/div>\n<\/div>\n<\/div>\n<\/div>\n\n<div class=\"et_pb_section_2 et_pb_section et_section_regular et_block_section preset--module--divi-section--362ada36-891f-4be2-b115-0ee19aadf10c\">\n<div class=\"et_pb_row_6 et_pb_row et_pb_equal_columns et_pb_gutters2 et_block_row\">\n<div class=\"et_pb_column_16 et_pb_column et_pb_column_1_3 et_block_column et_pb_css_mix_blend_mode_passthrough preset--module--divi-column--b5edf337-8668-40e4-b1d5-1a9fdc96bafa\">\n<div class=\"et_pb_heading_7 et_pb_heading et_pb_module et_block_module preset--module--divi-heading--ece2dc0c-53af-4efa-8b21-7d94b7c037fd\"><div class=\"et_pb_heading_container\"><h5 class=\"et_pb_module_header\">C\u00f3mo trabajo<\/h5><\/div><\/div>\n\n<div class=\"et_pb_text_5 et_pb_text et_pb_bg_layout_light et_pb_module et_block_module preset--module--divi-text--9f91d45b-ab8b-4097-9097-ca4ad0280e15\"><div class=\"et_pb_text_inner\"><p>Con los servicios de wireframing y prototipado, Sarah ayuda a trazar la estructura y el flujo de usuarios de su sitio web o aplicaci\u00f3n. El proceso incluye la creaci\u00f3n de wireframes detallados y prototipos interactivos, que te dar\u00e1n una visi\u00f3n clara de c\u00f3mo funcionar\u00e1 el producto final.\u00a0<\/p>\n<\/div><\/div>\n<\/div>\n\n<div class=\"et_pb_column_17 et_pb_column et_pb_column_1_3 et_block_column et_pb_css_mix_blend_mode_passthrough preset--module--divi-column--b5edf337-8668-40e4-b1d5-1a9fdc96bafa\">\n<div class=\"et_pb_heading_8 et_pb_heading et_pb_module et_block_module preset--module--divi-heading--ece2dc0c-53af-4efa-8b21-7d94b7c037fd\"><div class=\"et_pb_heading_container\"><h5 class=\"et_pb_module_header\">Ejemplos de proyectos<\/h5><\/div><\/div>\n\n<div class=\"et_pb_text_6 et_pb_text et_pb_bg_layout_light et_pb_module et_block_module preset--module--divi-text--9f91d45b-ab8b-4097-9097-ca4ad0280e15\"><div class=\"et_pb_text_inner\"><p>Con los servicios de wireframing y prototipado, Sarah ayuda a trazar la estructura y el flujo de usuarios de su sitio web o aplicaci\u00f3n. El proceso incluye la creaci\u00f3n de wireframes detallados y prototipos interactivos, que te dar\u00e1n una visi\u00f3n clara de c\u00f3mo funcionar\u00e1 el producto final.\u00a0<\/p>\n<\/div><\/div>\n\n<div class=\"et_pb_module et_pb_button_module_wrapper et_pb_button_5_wrapper preset--module--divi-button--3b6f0607-3907-457d-803f-df7639345ab7_wrapper\"><a class=\"et_pb_button_5 et_pb_button et_pb_bg_layout_light et_pb_module et_block_module preset--module--divi-button--3b6f0607-3907-457d-803f-df7639345ab7\" href=\"https:\/\/webvictor.com\/es\/portfolio\/\">Casos pr\u00e1cticos<\/a><\/div>\n<\/div>\n\n<div class=\"et_pb_column_18 et_pb_column et_pb_column_1_3 et-last-child et_block_column et_pb_css_mix_blend_mode_passthrough preset--module--divi-column--d0cbb859-06b9-439f-8115-bd412d324f57\">\n<div class=\"et_pb_heading_9 et_pb_heading et_pb_module et_block_module preset--module--divi-heading--default\"><div class=\"et_pb_heading_container\"><h2 class=\"et_pb_module_header\">Contr\u00e1tame<\/h2><\/div><\/div>\n\n<div class=\"et_pb_text_7 et_pb_text et_pb_bg_layout_light et_pb_module et_block_module preset--module--divi-text--default\"><div class=\"et_pb_text_inner\"><p>Empiece sin ning\u00fan riesgo. Charlemos y veamos si encajamos con tus incre\u00edbles ideas.<\/p>\n<\/div><\/div>\n\n<div class=\"et_pb_module et_pb_button_module_wrapper et_pb_button_6_wrapper preset--module--divi-button--default_wrapper\"><a class=\"et_pb_button_6 et_pb_button et_pb_bg_layout_light et_pb_module et_block_module preset--module--divi-button--default\" href=\"https:\/\/webvictor.com\/es\/contact\/\">Programar una llamada<\/a><\/div>\n<\/div>\n<\/div>\n<\/div>","protected":false},"excerpt":{"rendered":"","protected":false},"author":1,"featured_media":0,"parent":0,"menu_order":0,"comment_status":"closed","ping_status":"closed","template":"","meta":{"footnotes":""},"class_list":["post-15","page","type-page","status-publish","hentry"],"_links":{"self":[{"href":"https:\/\/webvictor.com\/es\/wp-json\/wp\/v2\/pages\/15","targetHints":{"allow":["GET"]}}],"collection":[{"href":"https:\/\/webvictor.com\/es\/wp-json\/wp\/v2\/pages"}],"about":[{"href":"https:\/\/webvictor.com\/es\/wp-json\/wp\/v2\/types\/page"}],"author":[{"embeddable":true,"href":"https:\/\/webvictor.com\/es\/wp-json\/wp\/v2\/users\/1"}],"replies":[{"embeddable":true,"href":"https:\/\/webvictor.com\/es\/wp-json\/wp\/v2\/comments?post=15"}],"version-history":[{"count":10,"href":"https:\/\/webvictor.com\/es\/wp-json\/wp\/v2\/pages\/15\/revisions"}],"predecessor-version":[{"id":212,"href":"https:\/\/webvictor.com\/es\/wp-json\/wp\/v2\/pages\/15\/revisions\/212"}],"wp:attachment":[{"href":"https:\/\/webvictor.com\/es\/wp-json\/wp\/v2\/media?parent=15"}],"curies":[{"name":"wp","href":"https:\/\/api.w.org\/{rel}","templated":true}]}}