{"id":17,"date":"2026-02-08T18:42:44","date_gmt":"2026-02-08T18:42:44","guid":{"rendered":"https:\/\/webvictor.com\/?page_id=17"},"modified":"2026-03-05T15:41:03","modified_gmt":"2026-03-05T20:41:03","slug":"portfolio","status":"publish","type":"page","link":"https:\/\/webvictor.com\/es\/portfolio\/","title":{"rendered":"Portafolio"},"content":{"rendered":"<div class=\"et_pb_section_0 et_pb_section et_section_regular et_block_section\">\n<div class=\"et_pb_row_0 et_pb_row et_block_row\">\n<div class=\"et_pb_column_0 et_pb_column et_pb_column_4_4 et-last-child et_block_column et_pb_css_mix_blend_mode_passthrough\">\n<div class=\"et_pb_heading_0 et_pb_heading et_pb_module et_block_module preset--module--divi-heading--2eaa1252-fdfd-4d72-a52a-8e4c2a13c028\"><div class=\"et_pb_heading_container\"><h1 class=\"et_pb_module_header\">Portafolio<\/h1><\/div><\/div>\n\n<div class=\"et_pb_heading_1 et_pb_heading et_pb_module et_block_module preset--module--divi-heading--1bf9230d-7495-4141-b7a8-b5f0fac2c95b\"><div class=\"et_pb_heading_container\"><h1 class=\"et_pb_module_header\">Mi Trabajo<\/h1><\/div><\/div>\n<\/div>\n<\/div>\n\n<div class=\"et_pb_row_1 et_pb_row et_block_row\">\n<div class=\"et_pb_column_1 et_pb_column et_pb_column_1_2 et_block_column et_pb_css_mix_blend_mode_passthrough\">\n<div class=\"et_pb_image_0 et_pb_image et_pb_has_overlay et_pb_module et_block_module preset--module--divi-image--b01c845f-39f9-4f44-9643-e98852a8859f\"><a href=\"https:\/\/webvictor.com\/wp-content\/uploads\/2026\/02\/Screenshot-2026-02-11-at-12.47.43-PM-2-1-scaled.webp\" class=\"et_pb_lightbox_image\"><span class=\"et_pb_image_wrap\"><img loading=\"lazy\" decoding=\"async\" src=\"https:\/\/webvictor.com\/wp-content\/uploads\/2026\/02\/Screenshot-2026-02-11-at-12.47.43-PM-2-1-scaled.webp\" title=\"Screenshot 2026-02-11 at 12.47.43\u202fPM (2)\" width=\"2560\" height=\"1370\" srcset=\"https:\/\/webvictor.com\/wp-content\/uploads\/2026\/02\/Screenshot-2026-02-11-at-12.47.43-PM-2-1-scaled.webp 2560w, https:\/\/webvictor.com\/wp-content\/uploads\/2026\/02\/Screenshot-2026-02-11-at-12.47.43-PM-2-1-1280x685.webp 1280w, https:\/\/webvictor.com\/wp-content\/uploads\/2026\/02\/Screenshot-2026-02-11-at-12.47.43-PM-2-1-980x524.webp 980w, https:\/\/webvictor.com\/wp-content\/uploads\/2026\/02\/Screenshot-2026-02-11-at-12.47.43-PM-2-1-480x257.webp 480w\" sizes=\"(min-width: 0px) and (max-width: 480px) 480px, (min-width: 481px) and (max-width: 980px) 980px, (min-width: 981px) and (max-width: 1280px) 1280px, (min-width: 1281px) 2560px, 100vw\" class=\"wp-image-175\" \/><span class=\"et_overlay\"><\/span><\/span><\/a><\/div>\n\n<div class=\"et_pb_heading_2 et_pb_heading et_clickable et_pb_module et_block_module preset--module--divi-heading--7dc66019-4936-4070-a021-04afee121534\"><div class=\"et_pb_heading_container\"><h3 class=\"et_pb_module_header\">Empresa Minera 1<\/h3><\/div><\/div>\n\n<div class=\"et_pb_heading_3 et_pb_heading et_clickable et_pb_module et_block_module preset--module--divi-heading--ece2dc0c-53af-4efa-8b21-7d94b7c037fd\"><div class=\"et_pb_heading_container\"><h5 class=\"et_pb_module_header\">Sitio web de la empresa minera con p\u00e1ginas de inicio, acerca de, servicios, seguridad, sostenibilidad y contacto.<\/h5><\/div><\/div>\n\n<div class=\"et_pb_module et_pb_button_module_wrapper et_pb_button_0_wrapper preset--module--divi-button--a73c943d-6a1f-496b-b1fa-a75c17aa4a8e_wrapper\"><a class=\"et_pb_button_0 et_pb_button et_pb_bg_layout_light et_pb_module et_block_module preset--module--divi-button--a73c943d-6a1f-496b-b1fa-a75c17aa4a8e\" href=\"https:\/\/empresaminera1.webvictor.com\/\" target=\"_blank\">Ver proyecto<\/a><\/div>\n\n<div class=\"et_pb_image_1 et_pb_image et_pb_has_overlay et_pb_module et_block_module preset--module--divi-image--b01c845f-39f9-4f44-9643-e98852a8859f\"><a href=\"https:\/\/webvictor.com\/wp-content\/uploads\/2026\/02\/Screenshot-2026-02-11-at-12.52.01-PM-2-scaled.webp\" class=\"et_pb_lightbox_image\"><span class=\"et_pb_image_wrap\"><img loading=\"lazy\" decoding=\"async\" src=\"https:\/\/webvictor.com\/wp-content\/uploads\/2026\/02\/Screenshot-2026-02-11-at-12.52.01-PM-2-scaled.webp\" title=\"Screenshot 2026-02-11 at 12.52.01\u202fPM (2)\" width=\"2560\" height=\"1402\" srcset=\"https:\/\/webvictor.com\/wp-content\/uploads\/2026\/02\/Screenshot-2026-02-11-at-12.52.01-PM-2-scaled.webp 2560w, https:\/\/webvictor.com\/wp-content\/uploads\/2026\/02\/Screenshot-2026-02-11-at-12.52.01-PM-2-1280x701.webp 1280w, https:\/\/webvictor.com\/wp-content\/uploads\/2026\/02\/Screenshot-2026-02-11-at-12.52.01-PM-2-980x537.webp 980w, https:\/\/webvictor.com\/wp-content\/uploads\/2026\/02\/Screenshot-2026-02-11-at-12.52.01-PM-2-480x263.webp 480w\" sizes=\"(min-width: 0px) and (max-width: 480px) 480px, (min-width: 481px) and (max-width: 980px) 980px, (min-width: 981px) and (max-width: 1280px) 1280px, (min-width: 1281px) 2560px, 100vw\" class=\"wp-image-172\" \/><span class=\"et_overlay\"><\/span><\/span><\/a><\/div>\n\n<div class=\"et_pb_heading_4 et_pb_heading et_clickable et_pb_module et_block_module preset--module--divi-heading--7dc66019-4936-4070-a021-04afee121534\"><div class=\"et_pb_heading_container\"><h3 class=\"et_pb_module_header\">Empresa Minera 2<\/h3><\/div><\/div>\n\n<div class=\"et_pb_heading_5 et_pb_heading et_clickable et_pb_module et_block_module preset--module--divi-heading--ece2dc0c-53af-4efa-8b21-7d94b7c037fd\"><div class=\"et_pb_heading_container\"><h5 class=\"et_pb_module_header\">Sitio web de la empresa minera con p\u00e1ginas de inicio, acerca de, servicios, compromiso y contacto<\/h5><\/div><\/div>\n\n<div class=\"et_pb_module et_pb_button_module_wrapper et_pb_button_1_wrapper preset--module--divi-button--a73c943d-6a1f-496b-b1fa-a75c17aa4a8e_wrapper\"><a class=\"et_pb_button_1 et_pb_button et_pb_bg_layout_light et_pb_module et_block_module preset--module--divi-button--a73c943d-6a1f-496b-b1fa-a75c17aa4a8e\" href=\"https:\/\/empresaminera2.webvictor.com\/\" target=\"_blank\">Ver proyecto<\/a><\/div>\n\n<div class=\"et_pb_image_2 et_pb_image et_pb_has_overlay et_pb_module et_block_module preset--module--divi-image--b01c845f-39f9-4f44-9643-e98852a8859f\"><a href=\"https:\/\/webvictor.com\/wp-content\/uploads\/2026\/02\/Screenshot-2026-02-11-at-1.04.29-PM-2-scaled.webp\" class=\"et_pb_lightbox_image\"><span class=\"et_pb_image_wrap\"><img loading=\"lazy\" decoding=\"async\" src=\"https:\/\/webvictor.com\/wp-content\/uploads\/2026\/02\/Screenshot-2026-02-11-at-1.04.29-PM-2-scaled.webp\" title=\"Screenshot 2026-02-11 at 1.04.29\u202fPM (2)\" width=\"2560\" height=\"1388\" srcset=\"https:\/\/webvictor.com\/wp-content\/uploads\/2026\/02\/Screenshot-2026-02-11-at-1.04.29-PM-2-scaled.webp 2560w, https:\/\/webvictor.com\/wp-content\/uploads\/2026\/02\/Screenshot-2026-02-11-at-1.04.29-PM-2-1280x694.webp 1280w, https:\/\/webvictor.com\/wp-content\/uploads\/2026\/02\/Screenshot-2026-02-11-at-1.04.29-PM-2-980x531.webp 980w, https:\/\/webvictor.com\/wp-content\/uploads\/2026\/02\/Screenshot-2026-02-11-at-1.04.29-PM-2-480x260.webp 480w\" sizes=\"(min-width: 0px) and (max-width: 480px) 480px, (min-width: 481px) and (max-width: 980px) 980px, (min-width: 981px) and (max-width: 1280px) 1280px, (min-width: 1281px) 2560px, 100vw\" class=\"wp-image-177\" \/><span class=\"et_overlay\"><\/span><\/span><\/a><\/div>\n\n<div class=\"et_pb_heading_6 et_pb_heading et_clickable et_pb_module et_block_module preset--module--divi-heading--7dc66019-4936-4070-a021-04afee121534\"><div class=\"et_pb_heading_container\"><h3 class=\"et_pb_module_header\">Empresa Minera 3<\/h3><\/div><\/div>\n\n<div class=\"et_pb_heading_7 et_pb_heading et_clickable et_pb_module et_block_module preset--module--divi-heading--ece2dc0c-53af-4efa-8b21-7d94b7c037fd\"><div class=\"et_pb_heading_container\"><h5 class=\"et_pb_module_header\">Sitio web para empresa de perforaci\u00f3n minera, con p\u00e1gina de inicio, servicios, quienes somos, proyectos y contacto.<\/h5><\/div><\/div>\n\n<div class=\"et_pb_module et_pb_button_module_wrapper et_pb_button_2_wrapper preset--module--divi-button--a73c943d-6a1f-496b-b1fa-a75c17aa4a8e_wrapper\"><a class=\"et_pb_button_2 et_pb_button et_pb_bg_layout_light et_pb_module et_block_module preset--module--divi-button--a73c943d-6a1f-496b-b1fa-a75c17aa4a8e\" href=\"https:\/\/empresaminera3.webvictor.com\/\" target=\"_blank\">Ver proyecto<\/a><\/div>\n<\/div>\n\n<div class=\"et_pb_column_2 et_pb_column et_pb_column_1_2 et-last-child et_block_column et_pb_css_mix_blend_mode_passthrough\">\n<div class=\"et_pb_image_3 et_pb_image et_pb_has_overlay et_pb_module et_block_module preset--module--divi-image--b01c845f-39f9-4f44-9643-e98852a8859f\"><a href=\"https:\/\/webvictor.com\/wp-content\/uploads\/2026\/02\/Screenshot-2026-02-10-at-8.27.51-PM-2-scaled.webp\" class=\"et_pb_lightbox_image\"><span class=\"et_pb_image_wrap\"><img loading=\"lazy\" decoding=\"async\" src=\"https:\/\/webvictor.com\/wp-content\/uploads\/2026\/02\/Screenshot-2026-02-10-at-8.27.51-PM-2-scaled.webp\" title=\"Screenshot 2026-02-10 at 8.27.51\u202fPM (2)\" width=\"2560\" height=\"1415\" srcset=\"https:\/\/webvictor.com\/wp-content\/uploads\/2026\/02\/Screenshot-2026-02-10-at-8.27.51-PM-2-scaled.webp 2560w, https:\/\/webvictor.com\/wp-content\/uploads\/2026\/02\/Screenshot-2026-02-10-at-8.27.51-PM-2-1280x708.webp 1280w, https:\/\/webvictor.com\/wp-content\/uploads\/2026\/02\/Screenshot-2026-02-10-at-8.27.51-PM-2-980x542.webp 980w, https:\/\/webvictor.com\/wp-content\/uploads\/2026\/02\/Screenshot-2026-02-10-at-8.27.51-PM-2-480x265.webp 480w\" sizes=\"(min-width: 0px) and (max-width: 480px) 480px, (min-width: 481px) and (max-width: 980px) 980px, (min-width: 981px) and (max-width: 1280px) 1280px, (min-width: 1281px) 2560px, 100vw\" class=\"wp-image-160\" \/><span class=\"et_overlay\"><\/span><\/span><\/a><\/div>\n\n<div class=\"et_pb_heading_8 et_pb_heading et_clickable et_pb_module et_block_module preset--module--divi-heading--7dc66019-4936-4070-a021-04afee121534\"><div class=\"et_pb_heading_container\"><h3 class=\"et_pb_module_header\">Gimnasio con tienda online<\/h3><\/div><\/div>\n\n<div class=\"et_pb_heading_9 et_pb_heading et_clickable et_pb_module et_block_module preset--module--divi-heading--ece2dc0c-53af-4efa-8b21-7d94b7c037fd\"><div class=\"et_pb_heading_container\"><h5 class=\"et_pb_module_header\">Sitio web del gimnasio con p\u00e1ginas de inicio, acerca de nosotros, tienda, carrito y contacto.<\/h5><\/div><\/div>\n\n<div class=\"et_pb_module et_pb_button_module_wrapper et_pb_button_3_wrapper preset--module--divi-button--a73c943d-6a1f-496b-b1fa-a75c17aa4a8e_wrapper\"><a class=\"et_pb_button_3 et_pb_button et_pb_bg_layout_light et_pb_module et_block_module preset--module--divi-button--a73c943d-6a1f-496b-b1fa-a75c17aa4a8e\" href=\"https:\/\/tiendadivi.webvictor.com\/\" target=\"_blank\">Ver proyecto<\/a><\/div>\n\n<div class=\"et_pb_image_4 et_pb_image et_pb_has_overlay et_pb_module et_block_module preset--module--divi-image--b01c845f-39f9-4f44-9643-e98852a8859f\"><a href=\"https:\/\/webvictor.com\/wp-content\/uploads\/2026\/03\/Screenshot-2026-03-05-at-3.30.42-PM-2-scaled.webp\" class=\"et_pb_lightbox_image\"><span class=\"et_pb_image_wrap\"><img loading=\"lazy\" decoding=\"async\" src=\"https:\/\/webvictor.com\/wp-content\/uploads\/2026\/03\/Screenshot-2026-03-05-at-3.30.42-PM-2-scaled.webp\" title=\"Screenshot 2026-03-05 at 3.30.42\u202fPM (2)\" width=\"2560\" height=\"1477\" srcset=\"https:\/\/webvictor.com\/wp-content\/uploads\/2026\/03\/Screenshot-2026-03-05-at-3.30.42-PM-2-scaled.webp 2560w, https:\/\/webvictor.com\/wp-content\/uploads\/2026\/03\/Screenshot-2026-03-05-at-3.30.42-PM-2-1280x739.webp 1280w, https:\/\/webvictor.com\/wp-content\/uploads\/2026\/03\/Screenshot-2026-03-05-at-3.30.42-PM-2-980x565.webp 980w, https:\/\/webvictor.com\/wp-content\/uploads\/2026\/03\/Screenshot-2026-03-05-at-3.30.42-PM-2-480x277.webp 480w\" sizes=\"(min-width: 0px) and (max-width: 480px) 480px, (min-width: 481px) and (max-width: 980px) 980px, (min-width: 981px) and (max-width: 1280px) 1280px, (min-width: 1281px) 2560px, 100vw\" class=\"wp-image-232\" \/><span class=\"et_overlay\"><\/span><\/span><\/a><\/div>\n\n<div class=\"et_pb_heading_10 et_pb_heading et_clickable et_pb_module et_block_module preset--module--divi-heading--7dc66019-4936-4070-a021-04afee121534\"><div class=\"et_pb_heading_container\"><h3 class=\"et_pb_module_header\">Bufete de abogados<\/h3><\/div><\/div>\n\n<div class=\"et_pb_heading_11 et_pb_heading et_clickable et_pb_module et_block_module preset--module--divi-heading--ece2dc0c-53af-4efa-8b21-7d94b7c037fd\"><div class=\"et_pb_heading_container\"><h5 class=\"et_pb_module_header\">Despacho de abogados con p\u00e1gina de inicio, \u00e1reas de pr\u00e1ctica, nuestro equipo, noticias y contacto<\/h5><\/div><\/div>\n\n<div class=\"et_pb_module et_pb_button_module_wrapper et_pb_button_4_wrapper preset--module--divi-button--a73c943d-6a1f-496b-b1fa-a75c17aa4a8e_wrapper\"><a class=\"et_pb_button_4 et_pb_button et_pb_bg_layout_light et_pb_module et_block_module preset--module--divi-button--a73c943d-6a1f-496b-b1fa-a75c17aa4a8e\" href=\"https:\/\/abogados1.webvictor.com\/\" target=\"_blank\">Ver proyecto<\/a><\/div>\n\n<div class=\"et_pb_image_5 et_pb_image et_pb_has_overlay et_pb_module et_block_module preset--module--divi-image--b01c845f-39f9-4f44-9643-e98852a8859f\"><a href=\"https:\/\/webvictor.com\/wp-content\/uploads\/2026\/02\/Screenshot-2026-02-10-at-9.40.32-PM-2-scaled.webp\" class=\"et_pb_lightbox_image\"><span class=\"et_pb_image_wrap\"><img loading=\"lazy\" decoding=\"async\" src=\"https:\/\/webvictor.com\/wp-content\/uploads\/2026\/02\/Screenshot-2026-02-10-at-9.40.32-PM-2-scaled.webp\" title=\"Screenshot 2026-02-10 at 9.40.32\u202fPM (2)\" width=\"2560\" height=\"1414\" srcset=\"https:\/\/webvictor.com\/wp-content\/uploads\/2026\/02\/Screenshot-2026-02-10-at-9.40.32-PM-2-scaled.webp 2560w, https:\/\/webvictor.com\/wp-content\/uploads\/2026\/02\/Screenshot-2026-02-10-at-9.40.32-PM-2-1280x707.webp 1280w, https:\/\/webvictor.com\/wp-content\/uploads\/2026\/02\/Screenshot-2026-02-10-at-9.40.32-PM-2-980x541.webp 980w, https:\/\/webvictor.com\/wp-content\/uploads\/2026\/02\/Screenshot-2026-02-10-at-9.40.32-PM-2-480x265.webp 480w\" sizes=\"(min-width: 0px) and (max-width: 480px) 480px, (min-width: 481px) and (max-width: 980px) 980px, (min-width: 981px) and (max-width: 1280px) 1280px, (min-width: 1281px) 2560px, 100vw\" class=\"wp-image-163\" \/><span class=\"et_overlay\"><\/span><\/span><\/a><\/div>\n\n<div class=\"et_pb_heading_12 et_pb_heading et_clickable et_pb_module et_block_module preset--module--divi-heading--7dc66019-4936-4070-a021-04afee121534\"><div class=\"et_pb_heading_container\"><h3 class=\"et_pb_module_header\">Spa con tienda online<\/h3><\/div><\/div>\n\n<div class=\"et_pb_heading_13 et_pb_heading et_clickable et_pb_module et_block_module preset--module--divi-heading--ece2dc0c-53af-4efa-8b21-7d94b7c037fd\"><div class=\"et_pb_heading_container\"><h5 class=\"et_pb_module_header\">Sitio web de spa con tienda online, carrito de compra, p\u00e1gina de inicio, spa y blog.<\/h5><\/div><\/div>\n\n<div class=\"et_pb_module et_pb_button_module_wrapper et_pb_button_5_wrapper preset--module--divi-button--a73c943d-6a1f-496b-b1fa-a75c17aa4a8e_wrapper\"><a class=\"et_pb_button_5 et_pb_button et_pb_bg_layout_light et_pb_module et_block_module preset--module--divi-button--a73c943d-6a1f-496b-b1fa-a75c17aa4a8e\" href=\"https:\/\/carolinaspa.webvictor.com\/shop\/\" target=\"_blank\">Ver proyecto<\/a><\/div>\n<\/div>\n<\/div>\n<\/div>","protected":false},"excerpt":{"rendered":"","protected":false},"author":1,"featured_media":0,"parent":0,"menu_order":0,"comment_status":"closed","ping_status":"closed","template":"","meta":{"footnotes":""},"class_list":["post-17","page","type-page","status-publish","hentry"],"_links":{"self":[{"href":"https:\/\/webvictor.com\/es\/wp-json\/wp\/v2\/pages\/17","targetHints":{"allow":["GET"]}}],"collection":[{"href":"https:\/\/webvictor.com\/es\/wp-json\/wp\/v2\/pages"}],"about":[{"href":"https:\/\/webvictor.com\/es\/wp-json\/wp\/v2\/types\/page"}],"author":[{"embeddable":true,"href":"https:\/\/webvictor.com\/es\/wp-json\/wp\/v2\/users\/1"}],"replies":[{"embeddable":true,"href":"https:\/\/webvictor.com\/es\/wp-json\/wp\/v2\/comments?post=17"}],"version-history":[{"count":21,"href":"https:\/\/webvictor.com\/es\/wp-json\/wp\/v2\/pages\/17\/revisions"}],"predecessor-version":[{"id":233,"href":"https:\/\/webvictor.com\/es\/wp-json\/wp\/v2\/pages\/17\/revisions\/233"}],"wp:attachment":[{"href":"https:\/\/webvictor.com\/es\/wp-json\/wp\/v2\/media?parent=17"}],"curies":[{"name":"wp","href":"https:\/\/api.w.org\/{rel}","templated":true}]}}